{"id":98,"date":"2018-04-04T20:34:55","date_gmt":"2018-04-04T18:34:55","guid":{"rendered":"http:\/\/gruene-jugend-landsberg.de\/?page_id=98"},"modified":"2020-10-16T20:49:50","modified_gmt":"2020-10-16T18:49:50","slug":"vorstand","status":"publish","type":"page","link":"http:\/\/gruene-jugend-landsberg.de\/?page_id=98","title":{"rendered":"Vorstand"},"content":{"rendered":"\n<div class=\"wp-block-group\"><div class=\"wp-block-group__inner-container\">\n<div class=\"wp-block-group\"><div class=\"wp-block-group__inner-container\"><\/div><\/div>\n<\/div><\/div>\n\n\n\n<h4>1. Sprecherin: Ina Verh\u00fclsdonk<\/h4>\n\n\n\n<div style=\"height:23px\" aria-hidden=\"true\" class=\"wp-block-spacer\"><\/div>\n\n\n\n<div class=\"wp-block-media-text alignwide is-stacked-on-mobile is-vertically-aligned-top\" style=\"grid-template-columns:25% auto\"><figure class=\"wp-block-media-text__media\"><img loading=\"lazy\" width=\"673\" height=\"1024\" src=\"http:\/\/gruene-jugend-landsberg.de\/wp-content\/uploads\/2020\/06\/IMG-20200314-WA0005-1-673x1024.jpg\" alt=\"\" class=\"wp-image-175\"\/><\/figure><div class=\"wp-block-media-text__content\">\n<p>Ich bin 18 Jahre jung und Sprecherin der GJ LL seit ihrer Gr\u00fcndung 2017. Meine Herzensthemen sind Feminismus, Tierschutz und \u00d6kologie. Denn ich m\u00f6chte das auch nachfolgende Generationen etwas von unseren wundersch\u00f6nen Erde haben. <\/p>\n<\/div><\/div>\n\n\n\n<hr class=\"wp-block-separator is-style-wide\"\/>\n\n\n\n<h4>2. Sprecher: Eden Kalaycioglu<\/h4>\n\n\n\n<div style=\"height:23px\" aria-hidden=\"true\" class=\"wp-block-spacer\"><\/div>\n\n\n\n<div class=\"wp-block-media-text alignwide is-stacked-on-mobile is-vertically-aligned-top\" style=\"grid-template-columns:25% auto\"><figure class=\"wp-block-media-text__media\"><img loading=\"lazy\" width=\"768\" height=\"1024\" src=\"http:\/\/gruene-jugend-landsberg.de\/wp-content\/uploads\/2020\/09\/Eden.jpeg\" alt=\"\" class=\"wp-image-220\" srcset=\"http:\/\/gruene-jugend-landsberg.de\/wp-content\/uploads\/2020\/09\/Eden.jpeg 768w, http:\/\/gruene-jugend-landsberg.de\/wp-content\/uploads\/2020\/09\/Eden-225x300.jpeg 225w\" sizes=\"(max-width: 768px) 100vw, 768px\" \/><\/figure><div class=\"wp-block-media-text__content\">\n<p>Ich bin 17 Jahre alt und lebe in Utting am Ammersee. Momentan besuche ich die 12. Klasse der Montessori-Fachoberschule. Ich engagiere mich in der Gr\u00fcnen Jugend Landsberg seit ihrer Gr\u00fcndung 2017. Auch habe ich mich in meiner Schule als Schulsprecher f\u00fcr mehr interne Demokratie stark gemacht. Mein Herzensthema ist die L\u00f6sung der Klimakatastrophe und damit alternative Verkehrsm\u00f6glichkeiten, sowie ein nachhaltiges Wirtschaftssystem.<\/p>\n<\/div><\/div>\n\n\n\n<hr class=\"wp-block-separator is-style-wide\"\/>\n\n\n\n<h4>Kassierer: Leo Lischka<\/h4>\n\n\n\n<div style=\"height:23px\" aria-hidden=\"true\" class=\"wp-block-spacer\"><\/div>\n\n\n\n<div class=\"wp-block-media-text alignwide is-stacked-on-mobile is-vertically-aligned-top\" style=\"grid-template-columns:25% auto\"><figure class=\"wp-block-media-text__media\"><img loading=\"lazy\" width=\"1024\" height=\"1024\" src=\"http:\/\/gruene-jugend-landsberg.de\/wp-content\/uploads\/2020\/06\/IMG-20200314-WA0002-1024x1024.jpg\" alt=\"\" class=\"wp-image-174\"\/><\/figure><div class=\"wp-block-media-text__content\">\n<p>Ich bin 20 Jahre alt und Mitglied im Landsberger Stadtrat. Ich habe mein Abitur \u00fcber den zweiten Bildungsweg nach meiner Metzgerlehre gemacht und setzte mich sehr f\u00fcr Jugendkultur, den \u00d6PNV und den Ausbau von Rad- und Fu\u00dfwegen ein. Seit 2017 bin ich Politisch aktiv.<\/p>\n<\/div><\/div>\n\n\n\n<p class=\"has-text-align-left\"><\/p>\n\n\n\n<p>Unsere Satzung findet ihr <a href=\"http:\/\/gruene-jugend-landsberg.de\/wp-content\/uploads\/2014\/11\/Satzung-GJLL.pdf\" target=\"_blank\" rel=\"noreferrer noopener\">hier<\/a><\/p>\n","protected":false},"excerpt":{"rendered":"<p>1. Sprecherin: Ina Verh\u00fclsdonk Ich bin 18 Jahre jung und Sprecherin der GJ LL seit ihrer Gr\u00fcndung 2017. Meine Herzensthemen sind Feminismus, Tierschutz und \u00d6kologie. Denn ich m\u00f6chte das auch nachfolgende Generationen etwas von unseren wundersch\u00f6nen Erde haben. 2. Sprecher: Eden Kalaycioglu Ich bin 17 Jahre alt und lebe in Utting am Ammersee. Momentan besuche [&hellip;]<\/p>\n","protected":false},"author":1,"featured_media":0,"parent":0,"menu_order":0,"comment_status":"closed","ping_status":"closed","template":"","meta":[],"_links":{"self":[{"href":"http:\/\/gruene-jugend-landsberg.de\/index.php?rest_route=\/wp\/v2\/pages\/98"}],"collection":[{"href":"http:\/\/gruene-jugend-landsberg.de\/index.php?rest_route=\/wp\/v2\/pages"}],"about":[{"href":"http:\/\/gruene-jugend-landsberg.de\/index.php?rest_route=\/wp\/v2\/types\/page"}],"author":[{"embeddable":true,"href":"http:\/\/gruene-jugend-landsberg.de\/index.php?rest_route=\/wp\/v2\/users\/1"}],"replies":[{"embeddable":true,"href":"http:\/\/gruene-jugend-landsberg.de\/index.php?rest_route=%2Fwp%2Fv2%2Fcomments&post=98"}],"version-history":[{"count":39,"href":"http:\/\/gruene-jugend-landsberg.de\/index.php?rest_route=\/wp\/v2\/pages\/98\/revisions"}],"predecessor-version":[{"id":226,"href":"http:\/\/gruene-jugend-landsberg.de\/index.php?rest_route=\/wp\/v2\/pages\/98\/revisions\/226"}],"wp:attachment":[{"href":"http:\/\/gruene-jugend-landsberg.de\/index.php?rest_route=%2Fwp%2Fv2%2Fmedia&parent=98"}],"curies":[{"name":"wp","href":"https:\/\/api.w.org\/{rel}","templated":true}]}}