{"id":22,"date":"2018-03-16T23:11:30","date_gmt":"2018-03-16T23:11:30","guid":{"rendered":"http:\/\/gruene-jugend-landsberg.de\/?page_id=22"},"modified":"2018-03-17T18:25:34","modified_gmt":"2018-03-17T17:25:34","slug":"mitgliedschaft","status":"publish","type":"page","link":"http:\/\/gruene-jugend-landsberg.de\/?page_id=22","title":{"rendered":"Mitgliedschaft"},"content":{"rendered":"<p>Du willst aktiv werden und dich so richtig ins Verbandsleben einmischen oder uns einfach nur unterst\u00fctzen? In jedem Fall ist die Mitgliedschaft das Optimale f\u00fcr dich! Wir freuen uns \u00fcber jedes Mitglied!<\/p>\n<p><a href=\"https:\/\/www.gruene-jugend.de\/sites\/default\/files\/Mitgliedsantrag_2014_1.pdf\" target=\"_blank\" rel=\"noopener\"><strong>Hier gibt es das Beitrittsformular zum Herunterladen<\/strong>.<\/a><\/p>\n<p>Das ausgedruckte und ausgef\u00fcllte Formular schickst du dann an folgende Adresse:<\/p>\n<p>GR\u00dcNE JUGEND Bundesgesch\u00e4ftsstelle<br \/>\nMitgliederverwaltung<br \/>\nHessische Str. 10<br \/>\n10115 Berlin<\/p>\n<p>Oder bring das ausgef\u00fcllte Formular einfach zum n\u00e4chsten Treffen der Gr\u00fcnen Jugend Landsberg (&#8211;&gt; <a href=\"http:\/\/gruene-jugend-landsberg.de\/?page_id=39\">Termine<\/a>) mit, wir erledigen das gerne f\u00fcr dich.<\/p>\n<p>Du hast auch die M\u00f6glichkeit, deine Mitgliedschaft ganz einfach und schnell online abzuschlie\u00dfen. Das Online-Formular, welches du nur noch ausf\u00fcllen und abschicken brauchst, findest du hier: <a href=\"http:\/\/www.gruene-jugend.de\/mitglied-werden\" target=\"_blank\" rel=\"noopener\"><strong>http:\/\/www.gruene-jugend.de\/mitglied-werden<\/strong><\/a>. Zus\u00e4tzlich dazu muss du noch das <a href=\"https:\/\/www.gruene-jugend.de\/sites\/default\/files\/SEPA_Mandat_2014_0.pdf\" target=\"_blank\" rel=\"noopener\">SEPA-Mandat<\/a> ausdrucken, ausf\u00fcllen und an die oben genannte Adresse schicken.Mitglied kann jede Person werden, die nicht \u00e4lter als 27 Jahre alt ist. Der Mindestbeitrag, den du entrichten musst, liegt momentan bei 20,\u2013 Euro im Jahr \u2013 im ersten Jahr kannst du aber auch eine <strong>Schnuppermitgliedschaft <\/strong>abschlie\u00dfen und musst dann erstmal gar keinen Mitgliedsbeitrag bezahlen. Als Mitglied bis du immer gleichzeitig Mitglied im Bundesverband der GR\u00dcNEN JUGEND und in der GR\u00dcNEN JUGEND Bayern.<\/p>\n<p>Mit deinem Eintritt akzeptierst du auch unsere Satzungen. Die Satzung des Bundesverbandes der GR\u00dcNEN JUGEND findest du unter <a href=\"http:\/\/www.gruene-jugend.de\/ueberuns\/satzung\">http:\/\/www.gruene-jugend.de\/ueberuns\/satzung<\/a>. Die Satzung der GR\u00dcNEN JUGEND Bayern findest du <a href=\"https:\/\/www.gj-bayern.de\/satzung\">hier<\/a>.<\/p>\n<h3><strong>Mitglied bei B\u00fcndnis 90\/DIE GR\u00dcNEN<\/strong><\/h3>\n<p>Nat\u00fcrlich kannst du auch Mitglied bei <a href=\"http:\/\/www.gruene.de\">B\u00fcndnis 90\/DIE GR\u00dcNEN<\/a> werden. Damit bist du in Bayern automatisch auch Mitglied der GR\u00dcNEN JUGEND. Der Mitgliedsbeitrag ist je nach Kreisverband unterschiedlich. Weitere Infos zur Mitgliedschaft bei B\u00fcndnis 90\/DIE GR\u00dcNEN gibt\u2019s hier: <a href=\"http:\/\/www.partei-ergreifen.org\/\">http:\/\/www.partei-ergreifen.org\/<\/a><\/p>\n<p>Willst du kein Mitglied werden, sondern erstmal Informationen bekommen und ganz spezifisch die GR\u00dcNEN unterst\u00fctzen, dann kannst du dies im Unterst\u00fctzer*innennetzwerk \u201eMeine Kampagne\u201c. Dort hast du die M\u00f6glichkeit dich f\u00fcr bestimmte Themengebiete einzutragen und bekommst dann, wenn du willst, Infos zugeschickt. Datenschutz ist dabei oberstes Gebot \u2013 du entscheidest selbst, welche Daten du preisgeben willst und welche Infos du zugeschickt bekommst. Das gew\u00e4hren vielf\u00e4ltige Einstellungsm\u00f6glichkeiten: <a href=\"http:\/\/www.gruene.de\/meine-kampagne.html\">http:\/\/www.gruene.de\/meine-kampagne.html<\/a><\/p>\n","protected":false},"excerpt":{"rendered":"<p>Du willst aktiv werden und dich so richtig ins Verbandsleben einmischen oder uns einfach nur unterst\u00fctzen? In jedem Fall ist die Mitgliedschaft das Optimale f\u00fcr dich! Wir freuen uns \u00fcber jedes Mitglied! Hier gibt es das Beitrittsformular zum Herunterladen. Das ausgedruckte und ausgef\u00fcllte Formular schickst du dann an folgende Adresse: GR\u00dcNE JUGEND Bundesgesch\u00e4ftsstelle Mitgliederverwaltung Hessische [&hellip;]<\/p>\n","protected":false},"author":1,"featured_media":0,"parent":0,"menu_order":0,"comment_status":"closed","ping_status":"closed","template":"","meta":[],"_links":{"self":[{"href":"http:\/\/gruene-jugend-landsberg.de\/index.php?rest_route=\/wp\/v2\/pages\/22"}],"collection":[{"href":"http:\/\/gruene-jugend-landsberg.de\/index.php?rest_route=\/wp\/v2\/pages"}],"about":[{"href":"http:\/\/gruene-jugend-landsberg.de\/index.php?rest_route=\/wp\/v2\/types\/page"}],"author":[{"embeddable":true,"href":"http:\/\/gruene-jugend-landsberg.de\/index.php?rest_route=\/wp\/v2\/users\/1"}],"replies":[{"embeddable":true,"href":"http:\/\/gruene-jugend-landsberg.de\/index.php?rest_route=%2Fwp%2Fv2%2Fcomments&post=22"}],"version-history":[{"count":4,"href":"http:\/\/gruene-jugend-landsberg.de\/index.php?rest_route=\/wp\/v2\/pages\/22\/revisions"}],"predecessor-version":[{"id":87,"href":"http:\/\/gruene-jugend-landsberg.de\/index.php?rest_route=\/wp\/v2\/pages\/22\/revisions\/87"}],"wp:attachment":[{"href":"http:\/\/gruene-jugend-landsberg.de\/index.php?rest_route=%2Fwp%2Fv2%2Fmedia&parent=22"}],"curies":[{"name":"wp","href":"https:\/\/api.w.org\/{rel}","templated":true}]}}