{"id":2,"date":"2014-11-21T04:51:49","date_gmt":"2014-11-21T04:51:49","guid":{"rendered":"http:\/\/localhost\/wordpress-4.0.1\/wordpress\/?page_id=2"},"modified":"2022-06-07T12:34:57","modified_gmt":"2022-06-07T10:34:57","slug":"sample-page","status":"publish","type":"page","link":"http:\/\/gruene-jugend-landsberg.de\/?page_id=2","title":{"rendered":"Impressum"},"content":{"rendered":"<p><strong>Verantwortlich:<\/strong><br \/>\nGr\u00fcne Jugend Kreisverband Landsberg<br \/>\nHintere Salzgasse 11<br \/>\n86899 Landsberg<\/p>\n<p>E-Mail: <a href=\"mailto:post@gruene-jugend-landsberg.de\">post@gruene-jugend-landsberg.de<\/a><br \/>\nWeb: <a href=\"http:\/\/www.gruene-jugend-landsberg.de\" target=\"_blank\" rel=\"noopener\">www.gruene-jugend-landsberg.de<\/a><\/p>\n<p>Wir \u00fcbernehmen keine Verantwortung f\u00fcr Links und Verweise auf externe Websites und deren Inhalt.<br \/>\nDatenschutzverpflichtungen<\/p>\n<p>Hinweis zu Links und Bannern:<br \/>\nMit dem Urteil vom 12.Mai.1998 hat das Landgericht Hamburg entschieden, dass man durch die Aufnahme eines Links, die Inhalte der gelinkten Seite ggf. als Webmaster mit zu verantworten hat. Laut Landgericht kann dies nur dadurch verhindert werden, indem sich der Webmaster ausdr\u00fccklich von den Inhalten der gelinkten Seiten distanziert. Da wir einige Links zu anderen Webseiten f\u00fchren, gilt hiermit: Alle gelinkten Seiten wurden von uns besucht. Aber da die Webseiten einem st\u00e4ndigen Wandel unterliegen, lehnen wir jede Verantwortung f\u00fcr den Inhalt der gelinkten Seiten ab! Dies gilt f\u00fcr alle Links auf diesen Seiten. Sollten wir zur Kenntnis nehmen, dass die Inhalte einer Seite gegen geltendes Recht versto\u00dfen, werden wir diese Links unverz\u00fcglich entfernen.<\/p>\n","protected":false},"excerpt":{"rendered":"<p>Verantwortlich: Gr\u00fcne Jugend Kreisverband Landsberg Hintere Salzgasse 11 86899 Landsberg E-Mail: post@gruene-jugend-landsberg.de Web: www.gruene-jugend-landsberg.de Wir \u00fcbernehmen keine Verantwortung f\u00fcr Links und Verweise auf externe Websites und deren Inhalt. Datenschutzverpflichtungen Hinweis zu Links und Bannern: Mit dem Urteil vom 12.Mai.1998 hat das Landgericht Hamburg entschieden, dass man durch die Aufnahme eines Links, die Inhalte der gelinkten [&hellip;]<\/p>\n","protected":false},"author":1,"featured_media":0,"parent":0,"menu_order":0,"comment_status":"open","ping_status":"open","template":"","meta":[],"_links":{"self":[{"href":"http:\/\/gruene-jugend-landsberg.de\/index.php?rest_route=\/wp\/v2\/pages\/2"}],"collection":[{"href":"http:\/\/gruene-jugend-landsberg.de\/index.php?rest_route=\/wp\/v2\/pages"}],"about":[{"href":"http:\/\/gruene-jugend-landsberg.de\/index.php?rest_route=\/wp\/v2\/types\/page"}],"author":[{"embeddable":true,"href":"http:\/\/gruene-jugend-landsberg.de\/index.php?rest_route=\/wp\/v2\/users\/1"}],"replies":[{"embeddable":true,"href":"http:\/\/gruene-jugend-landsberg.de\/index.php?rest_route=%2Fwp%2Fv2%2Fcomments&post=2"}],"version-history":[{"count":2,"href":"http:\/\/gruene-jugend-landsberg.de\/index.php?rest_route=\/wp\/v2\/pages\/2\/revisions"}],"predecessor-version":[{"id":233,"href":"http:\/\/gruene-jugend-landsberg.de\/index.php?rest_route=\/wp\/v2\/pages\/2\/revisions\/233"}],"wp:attachment":[{"href":"http:\/\/gruene-jugend-landsberg.de\/index.php?rest_route=%2Fwp%2Fv2%2Fmedia&parent=2"}],"curies":[{"name":"wp","href":"https:\/\/api.w.org\/{rel}","templated":true}]}}